{"id":86,"date":"2017-10-26T11:49:43","date_gmt":"2017-10-26T11:49:43","guid":{"rendered":"http:\/\/sportverband-haan.de\/?page_id=86"},"modified":"2025-07-03T21:45:18","modified_gmt":"2025-07-03T19:45:18","slug":"sportabzeichen","status":"publish","type":"page","link":"https:\/\/sportverband-haan.de\/?page_id=86","title":{"rendered":"Sportabzeichen"},"content":{"rendered":"<div class=\"n module-type-text diyfeLiveArea \">\n<div><img loading=\"lazy\" decoding=\"async\" class=\"size-medium wp-image-1748 aligncenter\" src=\"https:\/\/sportverband-haan.de\/wp-content\/uploads\/2025\/07\/DOSB_Deutsches_Sportabzeichen_Logo_Quer_RGB_Bunt-300x93.png\" alt=\"\" width=\"300\" height=\"93\" srcset=\"https:\/\/sportverband-haan.de\/wp-content\/uploads\/2025\/07\/DOSB_Deutsches_Sportabzeichen_Logo_Quer_RGB_Bunt-300x93.png 300w, https:\/\/sportverband-haan.de\/wp-content\/uploads\/2025\/07\/DOSB_Deutsches_Sportabzeichen_Logo_Quer_RGB_Bunt-1024x316.png 1024w, https:\/\/sportverband-haan.de\/wp-content\/uploads\/2025\/07\/DOSB_Deutsches_Sportabzeichen_Logo_Quer_RGB_Bunt-768x237.png 768w, https:\/\/sportverband-haan.de\/wp-content\/uploads\/2025\/07\/DOSB_Deutsches_Sportabzeichen_Logo_Quer_RGB_Bunt-1536x475.png 1536w, https:\/\/sportverband-haan.de\/wp-content\/uploads\/2025\/07\/DOSB_Deutsches_Sportabzeichen_Logo_Quer_RGB_Bunt-2048x633.png 2048w\" sizes=\"auto, (max-width: 300px) 100vw, 300px\" \/><\/div>\n<div class=\"n module-type-text diyfeLiveArea \">\n<p>Seit\u00a0 vier Jahrzehnten werden j\u00e4hrlich im Februar in Haan an die erfolgreichen Sportabzeichenerwerber des Vorjahres vom Sportverband und der Stadt Haan die Sportabzeichen \u00fcbergeben.<\/p>\n<p>Der B\u00fcrgermeister als erster B\u00fcrger der Stadt Haan und der Vorstand des Sportverbandes Haan e.V. organisieren die Veranstaltung mit der Verleihung des sportlichen Ordens.<\/p>\n<p>Waren es in den ersten Jahren zweistellige Sportabzeichenerwerber, so ist mittlerweile die Anzahl auf ca. 800 Erwerber pro Jahr gestiegen.<\/p>\n<p>Dies hatte zur Folge, das die Organisation ver\u00e4ndert werden musste.<\/p>\n<p>Die erfolgreichen erwachsenen Freizeitsportler werden zu einer Verleihung eingeladen, in der in einem w\u00fcrdigen Rahmen die Sportabzeichenurkunden und Anstecknadeln vom B\u00fcrgermeister der Stadt und dem Sportverband \u00fcberreicht werden.<\/p>\n<p>Die Kinder\u00a0 und Jugendlichen der Haaner Schulen und Vereine werden nach terminlicher Absprache in ihren Schulen oder in ihren Vereinen separat die Sportabzeichen verliehen<\/p>\n<p>.<strong style=\"font-size: 1.5rem;\">Informationen bekommt ihr hier:<\/strong><\/p>\n<div class=\"n module-type-table diyfeLiveArea \">\n<div id=\"table_730150\">\n<div id=\"table_730150_container\" class=\"tableContainer\">\n<table border=\"2\" cellspacing=\"0\" cellpadding=\"3\">\n<tbody>\n<tr>\n<td><\/td>\n<td><strong>Name<\/strong><\/td>\n<td><strong>Telefon<\/strong><\/td>\n<td><strong>E-Mail<\/strong><\/td>\n<\/tr>\n<tr>\n<td>Sportwart<\/td>\n<td>Gunhild Teich<\/td>\n<td>02129\/4848<\/td>\n<td><a href=\"mailto:Roland_Teich@t-online.de\" target=\"_self\" rel=\"noopener noreferrer\">klick hier<\/a><\/td>\n<\/tr>\n<\/tbody>\n<\/table>\n<\/div>\n<div class=\"c\"><\/div>\n<\/div>\n<\/div>\n<div class=\"n module-type-text diyfeLiveArea \">\n<p>Die Pr\u00fcfkarten f\u00fcr das Deutsche Sportabzeichen k\u00f6nnen beim Schulverwaltungsamt der Stadt Haan, Kaiserstr. 82-84, 42781 Haan in den Zimmern 2, 3 und 4 abgeholt und nach Absolvierung aller Pr\u00fcfungen dort wieder abgegeben werden.<\/p>\n<p><strong>Hier kann mann die aktuellen Pr\u00fcfkarten und Leistungskataloge des DOSB einsehen und auch herunterladen\u00a0&#8211;\u00a0<a href=\"http:\/\/www.deutsches-sportabzeichen.de\/de\/das-sportabzeichen\/materialien\/\" target=\"_blank\" rel=\"noopener noreferrer\">hier klicken<\/a><\/strong><\/p>\n<\/div>\n<\/div>\n<\/div>\n","protected":false},"excerpt":{"rendered":"<p>Seit\u00a0 vier Jahrzehnten werden j\u00e4hrlich im Februar in Haan an die erfolgreichen Sportabzeichenerwerber des Vorjahres vom Sportverband und der Stadt Haan die Sportabzeichen \u00fcbergeben. Der B\u00fcrgermeister als erster B\u00fcrger der Stadt Haan und der Vorstand des Sportverbandes Haan e.V. organisieren die Veranstaltung mit der Verleihung des sportlichen Ordens. Waren es in den ersten Jahren zweistellige <a class=\"more-link\" href=\"https:\/\/sportverband-haan.de\/?page_id=86\">Weiterlesen\u00a0\u2026<\/a><\/p>\n","protected":false},"author":1,"featured_media":1748,"parent":0,"menu_order":0,"comment_status":"closed","ping_status":"closed","template":"","meta":{"footnotes":""},"class_list":["post-86","page","type-page","status-publish","has-post-thumbnail","hentry"],"_links":{"self":[{"href":"https:\/\/sportverband-haan.de\/index.php?rest_route=\/wp\/v2\/pages\/86","targetHints":{"allow":["GET"]}}],"collection":[{"href":"https:\/\/sportverband-haan.de\/index.php?rest_route=\/wp\/v2\/pages"}],"about":[{"href":"https:\/\/sportverband-haan.de\/index.php?rest_route=\/wp\/v2\/types\/page"}],"author":[{"embeddable":true,"href":"https:\/\/sportverband-haan.de\/index.php?rest_route=\/wp\/v2\/users\/1"}],"replies":[{"embeddable":true,"href":"https:\/\/sportverband-haan.de\/index.php?rest_route=%2Fwp%2Fv2%2Fcomments&post=86"}],"version-history":[{"count":10,"href":"https:\/\/sportverband-haan.de\/index.php?rest_route=\/wp\/v2\/pages\/86\/revisions"}],"predecessor-version":[{"id":1749,"href":"https:\/\/sportverband-haan.de\/index.php?rest_route=\/wp\/v2\/pages\/86\/revisions\/1749"}],"wp:featuredmedia":[{"embeddable":true,"href":"https:\/\/sportverband-haan.de\/index.php?rest_route=\/wp\/v2\/media\/1748"}],"wp:attachment":[{"href":"https:\/\/sportverband-haan.de\/index.php?rest_route=%2Fwp%2Fv2%2Fmedia&parent=86"}],"curies":[{"name":"wp","href":"https:\/\/api.w.org\/{rel}","templated":true}]}}