{"id":43,"date":"2017-10-26T10:59:45","date_gmt":"2017-10-26T10:59:45","guid":{"rendered":"http:\/\/sportverband-haan.de\/?page_id=43"},"modified":"2017-10-26T10:59:45","modified_gmt":"2017-10-26T10:59:45","slug":"satzung","status":"publish","type":"page","link":"https:\/\/sportverband-haan.de\/?page_id=43","title":{"rendered":"Satzung"},"content":{"rendered":"<p><strong>Satzung des Sportverbandes Haan<\/strong><\/p>\n<p><strong>\u00a71 Name und Sitz<\/strong><\/p>\n<p>Der Verein f\u00fchrt den Namen Sportverband Haan e.V.<\/p>\n<p>Der Sitz des Vereins ist Haan.<\/p>\n<p><strong>\u00a72 Gesch\u00e4ftsjahr<\/strong><\/p>\n<p>Gesch\u00e4ftsjahr ist das Kalenderjahr.<\/p>\n<p><strong>\u00a73 Zweck des Vereins<\/strong><\/p>\n<p>Der Sportverband Haan \u2013 im folgenden SV genannt \u2013 ist der Zusammenschluss von Sportvereinen in Haan.<\/p>\n<p>Der SV verfolgt ausschlie\u00dflich und unmittelbar gemeinn\u00fctzige Zwecke im Sinne des Abschnittes \u201eSteuerbeg\u00fcnstigte Zwecke\u201c der Abgabenordnung.<\/p>\n<p>Zweck des SV ist die F\u00f6rderung des Sports und die Koordination der daf\u00fcr erforderlichen Ma\u00dfnahmen:<\/p>\n<ul>\n<li>daf\u00fcr einzutreten, dass allen Einwohnern der Stadt Haan die M\u00f6glichkeit gegeben wird, unter zeitgem\u00e4\u00dfen Bedingungen Sport zu treiben,<\/li>\n<li>die sportliche Zusammenarbeit der Mitgliedsvereine unter Wahrung ihrer Selbstst\u00e4ndigkeit zu f\u00f6rdern,<\/li>\n<li>den Sport in vereins\u00fcbergreifenden und \u00fcberfachlichen Angelegenheiten auch gegen\u00fcber Stadtrat und Stadtverwaltung zu vertreten,<\/li>\n<li>die Interessen der Mitgliedsvereine und des Sports allgemein in Haan durch die Mitgliedschaft im Kreissportbund e.V. zu wahren.<\/li>\n<\/ul>\n<p>Zur Erreichung des Vereinszwecks z\u00e4hlen auch die Aufgaben:<\/p>\n<ul>\n<li>Durchf\u00fchrung gemeinsamer Sportveranstaltungen,<\/li>\n<li>F\u00f6rderung der Zusammenarbeit zwischen Vereinen, Schulen und Kinderg\u00e4rten,<\/li>\n<li>F\u00f6rderung des Breitensports und des Sportabzeichens,<\/li>\n<li>F\u00f6rderung internationaler Sportbegegnungen,<\/li>\n<li>Beratung von Rat und Verwaltung in sportlichen Belangen.<\/li>\n<\/ul>\n<p>Der SV Haan ist politisch neutral und vertritt die Grunds\u00e4tze religi\u00f6ser, weltanschaulicher und rassischer Toleranz.<\/p>\n<p><strong>\u00a74 Rechtsgrundlagen<\/strong><\/p>\n<p>Rechtsgrundlagen des SV sind die Satzung und die Ordnungen, die er zur Durchf\u00fchrung seiner Aufgaben beschlie\u00dft. Die Ordnungen d\u00fcrfen nicht im<br \/>\nWiderspruch zur Satzung stehen. Sie sind nicht Bestandteil der Satzung.<\/p>\n<p>Die Satzung sowie ihre \u00c4nderungen werden von der Mitgliederversammlung beschlossen.<\/p>\n<p>Die in dieser Satzung geforderte Schriftform wird auch durch \u00dcbermittlung von E-Mails erf\u00fcllt. Der SV benutzt dazu den von den Mitgliedern benannten E-Mail-Adressen.<\/p>\n<p>Alle Mitglieder sind verpflichtet, den Vorstand zeitnah \u00fcber \u00c4nderungen in wichtigen Mitgliedsdaten, z. B. Adressen und Bankverbindungen, schriftlich zu informieren. Nachteile, die dem Mitglied dadurch entstehen, dass es dem Verein die erforderlichen \u00c4nderungen nicht mitteilt, gehen nicht zu Lasten des SV und k\u00f6nnen diesem nicht entgegen gehalten werden.<\/p>\n<p><strong>\u00a75 Selbstlose T\u00e4tigkeit<\/strong><\/p>\n<p>Der SV Haan ist selbstlos t\u00e4tig; er verfolgt nicht in erster Linie eigenwirtschaftliche Zwecke.<\/p>\n<p><strong>\u00a76 Mittelverwendung<\/strong><\/p>\n<p>Die Mittel des SV d\u00fcrfen nur f\u00fcr satzungsm\u00e4\u00dfige Zwecke verwendet werden. Die Mitglieder erhalten in ihrer Eigenschaft als Mitglieder keine Zuwendungen aus Mitteln des Vereins. Ausscheidende Mitglieder haben gegen den Verein keine Anspr\u00fcche auf Zahlung des Wertes eines Anteils am Vereinsverm\u00f6gen.<\/p>\n<p>Die Einnahmen des SV bestehen aus Beitr\u00e4gen, Umlagen seiner Mitglieder, Einnahmen aus Veranstaltungen, Zusch\u00fcssen kommunaler und sportorganischer Stellen und Spenden.<\/p>\n<p>Die Einnahmen dienen ausschlie\u00dflich der Erf\u00fcllung der in \u00a7 3 beschriebenen Zwecke und Aufgaben.<\/p>\n<p><strong>\u00a77 Verbot von Verg\u00fcnstigungen<\/strong><\/p>\n<p>Es darf keine Person durch Ausgaben, die dem Zweck des Vereins fremd sind, oder durch unverh\u00e4ltnism\u00e4\u00dfig hohe Verg\u00fctungen beg\u00fcnstigt werden.<\/p>\n<p><strong>\u00a78 Erwerb der Mitgliedschaft<\/strong><\/p>\n<p>Mitglieder des SV Haan k\u00f6nnen nur Sportvereine mit Sitz in der Stadt Haan werden.<\/p>\n<p>Voraussetzung f\u00fcr die Mitgliedschaft im SV ist die Mitgliedschaft im zust\u00e4ndigen Sportfachverband bzw. des zust\u00e4ndigen Fachverbandes im Landessportbund.<\/p>\n<p>Der Aufnahmeantrag ist schriftlich an den Vorstand zu stellen, der \u00fcber die Aufnahme entscheidet. Gegen eine Ablehnung, die keiner Begr\u00fcndung bedarf, steht dem Bewerber die Berufung an die Mitgliederversammlung zu, welche dann endg\u00fcltig entscheidet.<\/p>\n<p><strong>\u00a79 Beendigung der Mitgliedschaft<\/strong><\/p>\n<p>Die Mitgliedschaft endet durch Austritt, Ausschluss oder die Aufl\u00f6sung des Mitgliedsvereins. Gezahlte Beitr\u00e4ge oder Umlagen, die f\u00fcr einen Zeitraum nach Beendigung der Mitgliedschaft bestimmt waren, werden nicht erstattet.<\/p>\n<p>Der Austritt muss schriftlich mit einer Frist von einem Monat zum Ende des jeweiligen Quartals dem Vorstand erkl\u00e4rt werden.<\/p>\n<p>Ein Ausschluss kann nur aus wichtigem Grunde erfolgen. Wichtige Gr\u00fcnde sind insbesondere ein die Vereinsziele sch\u00e4digendes Verhalten, die Verletzung satzungsgem\u00e4\u00dfer Pflichten oder Zahlungsr\u00fcckst\u00e4nde von mindestens einem Jahr. \u00dcber den Ausschluss entscheidet der Vorstand. Die Entscheidung ist dem Mitgliedsverein schriftlich mitzuteilen.<\/p>\n<p>Gegen den Ausschluss steht dem Mitglied die Berufung an die Mitgliederversammlung zu, die schriftlich innerhalb eines Monats an den Vorstand zu richten ist. Die Mitgliederversammlung entscheidet im Rahmen des Vereins endg\u00fcltig.<\/p>\n<p><strong>\u00a710 Beitr\u00e4ge<\/strong><\/p>\n<p>Von den Mitgliedsvereinen k\u00f6nnen Beitr\u00e4ge und Umlagen erhoben werden. \u00dcber die H\u00f6he und deren F\u00e4lligkeit entscheidet die Mitgliederversammlung.<\/p>\n<p><strong>\u00a711 Organe des Vereins<\/strong><\/p>\n<p>Organe des Vereins sind:<\/p>\n<ul>\n<li>die Mitgliederversammlung<\/li>\n<li>der Vorstand<\/li>\n<\/ul>\n<p><strong>\u00a712 Mitgliederversammlung<\/strong><\/p>\n<p>Die Mitgliederversammlung setzt sich zusammen aus den Delegierten der Mitgliedsvereine und den Vorstandsmitgliedern.<\/p>\n<p>Die ordentliche Mitgliederversammlung findet innerhalb des ersten Halbjahres eines jeden Gesch\u00e4ftsjahres statt.<\/p>\n<p>Bei Bedarf werden au\u00dferordentliche Mitgliederversammlungen vom Vorstand oder auf Antrag, wenn mindestens ein Drittel der Mitgliedsvereine dies schriftlich unter Angaben von Gr\u00fcnden verlangt, einberufen.<\/p>\n<p>Die Mitgliederversammlungen werden vom Vorstand schriftlich unter Einhaltung einer Frist von mindestens zwei Wochen unter Angabe der Tagesordnung einberufen.<\/p>\n<p>Antr\u00e4ge zur Erg\u00e4nzungen der Tagesordnung m\u00fcssen dem Vorstand mindestens eine Woche vorher schriftlich vorliegen.<\/p>\n<p>Stimmberechtigt sind alle Mitgliedsvereine mit der ihnen zustehenden\u00a0 Zahl von Stimmen.<\/p>\n<p>Jeder Verein mit bis zu 500 Mitgliedern hat grunds\u00e4tzlich zwei Stimmen.<\/p>\n<p>F\u00fcr jeweils weitere 500 Mitglieder auf der Grundlage der j\u00e4hrlichen Bestandserhebung an den Landessportbund steht den Vereinen eine weitere Stimme zu.<\/p>\n<p>Stimmberechtigt sind au\u00dferdem alle Mitglieder des Vorstandes des SV mit je einer Stimme. Stimm\u00fcbertragung ist nur innerhalb der einzelnen Mitgliedsvereine zul\u00e4ssig, jedoch darf kein Vereinsvertreter mehr als zwei Stimmen auf sich vereinen.<\/p>\n<p>Die Mitgliederversammlung ist bei form- und fristgerechter Einladung ohne Begrenzung der Teilnehmerzahl beschlussf\u00e4hig.<\/p>\n<p>Zum Aufgabenbereich der Mitgliederversammlung geh\u00f6ren:<\/p>\n<ul>\n<li>Entgegennahme der Jahresberichte des Vorstandes und der Kassenpr\u00fcfer<\/li>\n<li>Entlastung des Vorstandes<\/li>\n<li>Wahl des Vorstandes und der Kassenpr\u00fcfer (die zu w\u00e4hlenden Vorstandsmitglieder m\u00fcssen einem Mitgliedsverein angeh\u00f6ren, die Kassenpr\u00fcfer d\u00fcrfen nicht Mitglieder des Vorstandes sein)<\/li>\n<li>Beschlussfassung \u00fcber eingereichte Antr\u00e4ge, \u00fcber die Satzung und deren \u00c4nderung.<\/li>\n<li>Beschlussfassung \u00fcber die H\u00f6he von Beitr\u00e4gen und Umlagen sowie deren F\u00e4lligkeit.<\/li>\n<\/ul>\n<p>Beschl\u00fcsse werden mit einfacher Mehrheit gefasst.<\/p>\n<p>An der Versammlung k\u00f6nnen G\u00e4ste teilnehmen, die jedoch kein Stimmrecht haben.<\/p>\n<p>Die Wahl der Vorstandsmitglieder und von zwei Kassenpr\u00fcfern erfolgt f\u00fcr die Dauer von zwei Jahren.<\/p>\n<p>Bei Abstimmungen \u00fcber die Satzung bzw. deren \u00c4nderung ist eine Zweidrittel-Stimmenmehrheit erforderlich.<\/p>\n<p>Bei Stimmengleichheit gilt ein Antrag als abgelehnt.<\/p>\n<p>Die Versammlung leitet der Vorsitzende des SV, bei dessen Abwesenheit ein anderes Vorstandsmitglied.<\/p>\n<p>Die Wahl des Vorsitzenden leitet ein Versammlungsleiter, danach \u00fcbernimmt der Vorsitzende die weitere Wahlleitung<\/p>\n<p>\u00dcber die Mitgliederversammlung ist ein Protokoll anzufertigen, das von dem anfangs gew\u00e4hlten Protokollf\u00fchrer und dem Versammlungsleiter zu unterschreiben ist.<\/p>\n<p><strong>\u00a713 Vorstand<\/strong><\/p>\n<p>Der Vorstand setzt sich zusammen aus dem<\/p>\n<ol>\n<li>gesch\u00e4ftsf\u00fchrenden Vorstand, bestehend aus dem:<\/li>\n<\/ol>\n<ul>\n<li>Vorsitzenden<\/li>\n<li>stellvertretenden Vorsitzenden<\/li>\n<li>Gesch\u00e4ftsf\u00fchrer<\/li>\n<li>stellvertretenden Gesch\u00e4ftsf\u00fchrer<\/li>\n<li>Kassenwart<\/li>\n<\/ul>\n<ol>\n<li>Hauptvorstand, bestehen aus dem<\/li>\n<\/ol>\n<ul>\n<li>gesch\u00e4ftsf\u00fchrenden Vorstand<\/li>\n<li>Sportwart<\/li>\n<li>stellvertretenden Sportwart<\/li>\n<li>und bis zu vier Beisitzern<\/li>\n<\/ul>\n<p>Vorstand im Sinne des \u00a7 26 BGB ist der gesch\u00e4ftsf\u00fchrende Vorstand.<\/p>\n<p>Der Verein wird gerichtlich und au\u00dfergerichtlich gemeinschaftlich durch zwei Mitglieder des gesch\u00e4ftsf\u00fchrenden Vorstandes vertreten. Einer von beiden muss der Vorsitzende oder der stellvertretende Vorsitzende sein.<\/p>\n<p>Der Vorstand beschlie\u00dft mit einfacher Stimmenmehrheit, bei Stimmengleichheit gilt ein Antrag als abgelehnt.<\/p>\n<p>\u00dcber seine Beratungen und Beschl\u00fcsse ist eine Niederschrift zu fertigen und vom Sitzungsleiter und dem Protokollf\u00fchrer zu unterschreiben.<\/p>\n<p>Der Vorstand erf\u00fcllt die Aufgaben des SV Haan im Rahmen und Sinne der Satzung und der Beschl\u00fcsse der Mitgliederversammlung.<\/p>\n<p>Zur Mitgliederversammlung gibt der Vorstand einen Rechenschaftsbericht und die Kassenpr\u00fcfer ihren Bericht ab. Es folgt der Antrag auf Entlastung des Vorstandes. Wird Vorstandsmitgliedern das Vertrauen entzogen, hat zwingend eine Ersatzwahl zu erfolgen.<\/p>\n<p>Der Vorstand bleibt so lange im Amt, bis ein neuer Vorstand gew\u00e4hlt ist.<\/p>\n<p><strong>\u00a714 Ehrenmitglieder<\/strong><\/p>\n<p>Personen, die sich durch ihre Arbeit f\u00fcr den SV verdient gemacht haben, k\u00f6nnen auf Antrag von der Mitgliederversammlung zu Ehrenmitgliedern oder Ehrenvorstand ernannt werden. Sie k\u00f6nnen zu den Mitgliederversammlungen bzw. Sitzungen des Hauptvorstandes eingeladen werden. Sie nehmen in beratender Funktion ohne Stimmrecht teil.<\/p>\n<p><strong>\u00a715 Aufl\u00f6sung<\/strong><\/p>\n<p>Die Aufl\u00f6sung des SV kann nur durch eine Dreiviertel-Stimmenmehrheit einer Mitgliederversammlung erfolgen, bei der jedoch mindestens die H\u00e4lfte der dem SV angeh\u00f6renden Vereine vertreten sein m\u00fcssen. Ist die Beschlussf\u00e4higkeit der Mitgliederversammlung nicht erreicht, so muss vor Ablauf einer Frist von acht Wochen eine Aufl\u00f6sungsversammlung einberufen werden, die mit einfacher Mehrheit entscheidet und ohne Begrenzung der Teilnehmerzahl beschlussf\u00e4hig ist.<\/p>\n<p>Bei Aufl\u00f6sung des SV Haan oder bei Wegfall seiner steuerbeg\u00fcnstigten Zwecke f\u00e4llt sein Verm\u00f6gen der Stadt Haan f\u00fcr die Sportjugendpflege zu.<\/p>\n<p><strong style=\"font-size: 1.5rem;\">\u00a716 Inkrafttreten der Satzung<\/strong><\/p>\n<p>Die hier vorliegende Fassung der Satzung tritt mit der Eintragung des Vereins in das Vereinsregister beim Amtsgericht Wuppertal in Kraft.<\/p>\n","protected":false},"excerpt":{"rendered":"<p>Satzung des Sportverbandes Haan \u00a71 Name und Sitz Der Verein f\u00fchrt den Namen Sportverband Haan e.V. Der Sitz des Vereins ist Haan. \u00a72 Gesch\u00e4ftsjahr Gesch\u00e4ftsjahr ist das Kalenderjahr. \u00a73 Zweck des Vereins Der Sportverband Haan \u2013 im folgenden SV genannt \u2013 ist der Zusammenschluss von Sportvereinen in Haan. Der SV verfolgt ausschlie\u00dflich und unmittelbar gemeinn\u00fctzige <a class=\"more-link\" href=\"https:\/\/sportverband-haan.de\/?page_id=43\">Weiterlesen\u00a0\u2026<\/a><\/p>\n","protected":false},"author":1,"featured_media":0,"parent":14,"menu_order":0,"comment_status":"closed","ping_status":"closed","template":"","meta":{"footnotes":""},"class_list":["post-43","page","type-page","status-publish","hentry"],"_links":{"self":[{"href":"https:\/\/sportverband-haan.de\/index.php?rest_route=\/wp\/v2\/pages\/43","targetHints":{"allow":["GET"]}}],"collection":[{"href":"https:\/\/sportverband-haan.de\/index.php?rest_route=\/wp\/v2\/pages"}],"about":[{"href":"https:\/\/sportverband-haan.de\/index.php?rest_route=\/wp\/v2\/types\/page"}],"author":[{"embeddable":true,"href":"https:\/\/sportverband-haan.de\/index.php?rest_route=\/wp\/v2\/users\/1"}],"replies":[{"embeddable":true,"href":"https:\/\/sportverband-haan.de\/index.php?rest_route=%2Fwp%2Fv2%2Fcomments&post=43"}],"version-history":[{"count":1,"href":"https:\/\/sportverband-haan.de\/index.php?rest_route=\/wp\/v2\/pages\/43\/revisions"}],"predecessor-version":[{"id":44,"href":"https:\/\/sportverband-haan.de\/index.php?rest_route=\/wp\/v2\/pages\/43\/revisions\/44"}],"up":[{"embeddable":true,"href":"https:\/\/sportverband-haan.de\/index.php?rest_route=\/wp\/v2\/pages\/14"}],"wp:attachment":[{"href":"https:\/\/sportverband-haan.de\/index.php?rest_route=%2Fwp%2Fv2%2Fmedia&parent=43"}],"curies":[{"name":"wp","href":"https:\/\/api.w.org\/{rel}","templated":true}]}}