{"id":140,"date":"2017-10-26T12:05:56","date_gmt":"2017-10-26T12:05:56","guid":{"rendered":"http:\/\/sportverband-haan.de\/?page_id=140"},"modified":"2021-07-14T19:00:24","modified_gmt":"2021-07-14T17:00:24","slug":"dokumentation-ehrenamt","status":"publish","type":"page","link":"https:\/\/sportverband-haan.de\/?page_id=140","title":{"rendered":"Ehrenamt"},"content":{"rendered":"<p>Hier k\u00f6nnt ihr euch die Dokumentation &#8222;Ehrenamt, Wertsch\u00f6pfung, Wertsch\u00e4tzung&#8220; herunterladen.<br \/>Dies zeigt eine Darstellung \u00fcber die ehrenamtliche T\u00e4tigkeit, unter besonderer Ber\u00fccksichtigung der \u00f6rtlichen Verh\u00e4ltnisse in Haan.<\/p>\n<p><a href=\"http:\/\/sportverband-haan.de\/wp-content\/uploads\/2017\/10\/Ehrenamt-Wertsch\u00f6pfung-Wertsch\u00e4tzung.pdf\" target=\"_blank\" rel=\"noopener\">Ehrenamt, Wertsch\u00f6pfung, Wertsch\u00e4tzung zum Download<\/a><\/p>\n<p><img loading=\"lazy\" decoding=\"async\" class=\"aligncenter wp-image-946 size-full\" src=\"https:\/\/sportverband-haan.de\/wp-content\/uploads\/2021\/02\/images.jpeg\" alt=\"\" width=\"276\" height=\"182\" \/><\/p>\n\n","protected":false},"excerpt":{"rendered":"<p>Hier k\u00f6nnt ihr euch die Dokumentation &#8222;Ehrenamt, Wertsch\u00f6pfung, Wertsch\u00e4tzung&#8220; herunterladen.Dies zeigt eine Darstellung \u00fcber die ehrenamtliche T\u00e4tigkeit, unter besonderer Ber\u00fccksichtigung der \u00f6rtlichen Verh\u00e4ltnisse in Haan. Ehrenamt, Wertsch\u00f6pfung, Wertsch\u00e4tzung zum Download<\/p>\n","protected":false},"author":1,"featured_media":0,"parent":0,"menu_order":0,"comment_status":"closed","ping_status":"closed","template":"","meta":{"footnotes":""},"class_list":["post-140","page","type-page","status-publish","hentry"],"_links":{"self":[{"href":"https:\/\/sportverband-haan.de\/index.php?rest_route=\/wp\/v2\/pages\/140","targetHints":{"allow":["GET"]}}],"collection":[{"href":"https:\/\/sportverband-haan.de\/index.php?rest_route=\/wp\/v2\/pages"}],"about":[{"href":"https:\/\/sportverband-haan.de\/index.php?rest_route=\/wp\/v2\/types\/page"}],"author":[{"embeddable":true,"href":"https:\/\/sportverband-haan.de\/index.php?rest_route=\/wp\/v2\/users\/1"}],"replies":[{"embeddable":true,"href":"https:\/\/sportverband-haan.de\/index.php?rest_route=%2Fwp%2Fv2%2Fcomments&post=140"}],"version-history":[{"count":3,"href":"https:\/\/sportverband-haan.de\/index.php?rest_route=\/wp\/v2\/pages\/140\/revisions"}],"predecessor-version":[{"id":947,"href":"https:\/\/sportverband-haan.de\/index.php?rest_route=\/wp\/v2\/pages\/140\/revisions\/947"}],"wp:attachment":[{"href":"https:\/\/sportverband-haan.de\/index.php?rest_route=%2Fwp%2Fv2%2Fmedia&parent=140"}],"curies":[{"name":"wp","href":"https:\/\/api.w.org\/{rel}","templated":true}]}}