{"id":12,"date":"2017-10-26T10:08:35","date_gmt":"2017-10-26T10:08:35","guid":{"rendered":"http:\/\/sportverband-haan.de\/?page_id=12"},"modified":"2025-06-25T08:05:22","modified_gmt":"2025-06-25T06:05:22","slug":"der-vorstand","status":"publish","type":"page","link":"https:\/\/sportverband-haan.de\/?page_id=12","title":{"rendered":"Der Vorstand"},"content":{"rendered":"<table style=\"border-color: #faf7f7; width: 85.5724%;\">\n<tbody>\n<tr>\n<td style=\"border-color: #faf7f7; width: 42.413%;\"><span style=\"text-decoration: underline;\"><strong>gesch\u00e4ftsf\u00fchrender Vorstand<\/strong><\/span><\/td>\n<td style=\"border-color: #faf7f7; width: 56.479%;\">\u00a0<\/td>\n<\/tr>\n<tr>\n<td style=\"border-color: #faf7f7; width: 42.413%;\">1. Vorsitzender<\/td>\n<td style=\"border-color: #faf7f7; width: 56.479%;\">Arnd Vossieg (Haaner TV)<\/td>\n<\/tr>\n<tr>\n<td style=\"border-color: #faf7f7; width: 42.413%;\">2. Vorsitzender<\/td>\n<td style=\"border-color: #faf7f7; width: 56.479%;\">Bernd Krumsiek (Shotokan Karate)<\/td>\n<\/tr>\n<tr>\n<td style=\"border-color: #faf7f7; width: 42.413%;\">Gesch\u00e4ftsf\u00fchrer<\/td>\n<td style=\"border-color: #faf7f7; width: 56.479%;\">Stephan Becker (DJK Unitas Haan)<\/td>\n<\/tr>\n<tr>\n<td style=\"border-color: #faf7f7; width: 42.413%;\">stellv. Gesch\u00e4ftsf\u00fchrer<\/td>\n<td style=\"border-color: #faf7f7; width: 56.479%;\">Viola Peters (TSV Gruiten)<\/td>\n<\/tr>\n<tr>\n<td style=\"border-color: #faf7f7; width: 42.413%;\">Kassenwart<\/td>\n<td style=\"border-color: #faf7f7; width: 56.479%;\">Astrid Siebert (Haaner TV)<\/td>\n<\/tr>\n<tr>\n<td style=\"border-color: #faf7f7; width: 42.413%;\"><span style=\"text-decoration: underline;\"><strong>erweiterter Vorstand<\/strong><\/span><\/td>\n<td style=\"border-color: #faf7f7; width: 56.479%;\">\u00a0<\/td>\n<\/tr>\n<tr>\n<td style=\"border-color: #faf7f7; width: 42.413%;\">Sportwart<\/td>\n<td style=\"border-color: #faf7f7; width: 56.479%;\">Gunhild Teich (Haaner TV)<\/td>\n<\/tr>\n<tr>\n<td style=\"border-color: #faf7f7; width: 42.413%;\">stellv. Sportwart<\/td>\n<td style=\"border-color: #faf7f7; width: 56.479%;\">Nicole Richter (TSV Gruiten)<\/td>\n<\/tr>\n<tr>\n<td style=\"border-color: #faf7f7; width: 42.413%;\">Beisitzer<\/td>\n<td style=\"border-color: #faf7f7; width: 56.479%;\">Michael Patzschke (Haaner TB)<\/td>\n<\/tr>\n<tr>\n<td style=\"border-color: #faf7f7; width: 42.413%;\">\u00a0<\/td>\n<td style=\"border-color: #faf7f7; width: 56.479%;\">Andreas Otto (Haaner TC)<\/td>\n<\/tr>\n<tr>\n<td style=\"border-color: #faf7f7; width: 42.413%;\">\u00a0<\/td>\n<td style=\"border-color: #faf7f7; width: 56.479%;\">Gisela Gohrbandt (Haaner Sch\u00fctzenverein)<\/td>\n<\/tr>\n<tr>\n<td style=\"border-color: #faf7f7; width: 42.413%;\">\u00a0<\/td>\n<td style=\"border-color: #faf7f7; width: 56.479%;\">\u00a0<\/td>\n<\/tr>\n<\/tbody>\n<\/table>\n\n","protected":false},"excerpt":{"rendered":"<p>gesch\u00e4ftsf\u00fchrender Vorstand \u00a0 1. Vorsitzender Arnd Vossieg (Haaner TV) 2. Vorsitzender Bernd Krumsiek (Shotokan Karate) Gesch\u00e4ftsf\u00fchrer Stephan Becker (DJK Unitas Haan) stellv. Gesch\u00e4ftsf\u00fchrer Viola Peters (TSV Gruiten) Kassenwart Astrid Siebert (Haaner TV) erweiterter Vorstand \u00a0 Sportwart Gunhild Teich (Haaner TV) stellv. Sportwart Nicole Richter (TSV Gruiten) Beisitzer Michael Patzschke (Haaner TB) \u00a0 Andreas Otto (Haaner <a class=\"more-link\" href=\"https:\/\/sportverband-haan.de\/?page_id=12\">Weiterlesen\u00a0\u2026<\/a><\/p>\n","protected":false},"author":1,"featured_media":0,"parent":0,"menu_order":0,"comment_status":"closed","ping_status":"closed","template":"","meta":{"footnotes":""},"class_list":["post-12","page","type-page","status-publish","hentry"],"_links":{"self":[{"href":"https:\/\/sportverband-haan.de\/index.php?rest_route=\/wp\/v2\/pages\/12","targetHints":{"allow":["GET"]}}],"collection":[{"href":"https:\/\/sportverband-haan.de\/index.php?rest_route=\/wp\/v2\/pages"}],"about":[{"href":"https:\/\/sportverband-haan.de\/index.php?rest_route=\/wp\/v2\/types\/page"}],"author":[{"embeddable":true,"href":"https:\/\/sportverband-haan.de\/index.php?rest_route=\/wp\/v2\/users\/1"}],"replies":[{"embeddable":true,"href":"https:\/\/sportverband-haan.de\/index.php?rest_route=%2Fwp%2Fv2%2Fcomments&post=12"}],"version-history":[{"count":16,"href":"https:\/\/sportverband-haan.de\/index.php?rest_route=\/wp\/v2\/pages\/12\/revisions"}],"predecessor-version":[{"id":1741,"href":"https:\/\/sportverband-haan.de\/index.php?rest_route=\/wp\/v2\/pages\/12\/revisions\/1741"}],"wp:attachment":[{"href":"https:\/\/sportverband-haan.de\/index.php?rest_route=%2Fwp%2Fv2%2Fmedia&parent=12"}],"curies":[{"name":"wp","href":"https:\/\/api.w.org\/{rel}","templated":true}]}}