{"id":102,"date":"2017-10-26T12:02:28","date_gmt":"2017-10-26T12:02:28","guid":{"rendered":"http:\/\/sportverband-haan.de\/?page_id=102"},"modified":"2020-12-17T10:57:40","modified_gmt":"2020-12-17T09:57:40","slug":"richtlinien","status":"publish","type":"page","link":"https:\/\/sportverband-haan.de\/?page_id=102","title":{"rendered":"Richtlinien der Sportlerehrung in Haan"},"content":{"rendered":"<p><strong>1. Allgemeine Voraussetzungen<\/strong><br \/>\nIn Abstimmung mit dem Sportverband Haan besteht Einvernehmen, die Richtlinien f\u00fcr die Durchf\u00fchrung der Sportlerehrung neu zu fassen. Die Stadt Haan und der Sportverband Haan vereinbaren, die Sportlerehrung gemeinsam zu organisieren und durchzuf\u00fchren.<br \/>\nDie Antr\u00e4ge zur Sportlerehrung werden durch Haaner Sportvereine oder durch Haaner B\u00fcrger, die ihre Leistungen in ausw\u00e4rtigen Vereinen erbracht haben, an die Stadt Haan und den Sportverband Haan in einer noch zu festzulegenden Frist gestellt.<br \/>\nDie Antr\u00e4ge auf Ehrung werden durch eine Kommission, bestehend aus Vertretern der Stadt Haan und des Sportverbandes bewertet und basierend auf einer den nachstehenden Regelungen entsprechenden Auswahl zur Ehrung vorgeschlagen.<br \/>\nHinsichtlich der Durchf\u00fchrung ist eine Zweiteilung wie folgt vorgesehen:<br \/>\n\uf0d8 Im zweij\u00e4hrigen Turnus wird eine zentrale Sportlehrung f\u00fcr besondere sportliche Leistungen entsprechend der Ziffer 3 dieser Richtlinien durchgef\u00fchrt.<br \/>\n\uf0d8 J\u00e4hrlich wird eine dezentrale Sportlerehrung durchgef\u00fchrt, bei der Kreismeister- und Bezirksmeistertitel in den Kinder- und Jugendklassen sowie parallel dazu Aufstiege in Verbands- und Oberliga-Klassen geehrt werden.<\/p>\n<p><strong>2. Personenkreis der zu Ehrenden<\/strong><br \/>\nAktive Sportler<br \/>\n\uf0d8 Sportler mit Mitgliedschaft in Haaner Turn- und Sportvereinen<br \/>\n\uf0d8 Haaner B\u00fcrger mit Mitgliedschaft in einem ausw\u00e4rtigen Sportverein<br \/>\nVereinsvertreter<br \/>\n\uf0d8 Vereinsf\u00fchrende Personen, \u00dcbungsleiter- und Betreuer\/innen, die sich um den Haaner Sport in besonderer Weise verdient gemacht haben, die T\u00e4tigkeit sollte sich mindestens \u00fcber 7 Jahre erstrecken.<br \/>\n\uf0d8 Nat\u00fcrliche oder juristische Personen, die sich um den Haaner Sport verdient gemacht haben.<\/p>\n<p><strong>3. Vorgaben f\u00fcr die zentrale Ehrung<\/strong><br \/>\n<strong>a) Aktive Sportler (Einzelsportler und Mannschaften)<\/strong><\/p>\n<p>\uf0d8 Teilnahme an Europa-, Weltmeisterschaften und Olympischen Spielen<br \/>\n\uf0d8 Teilnahme an Deutschen Meisterschaften (mit Qualifikation, ohne Qualifikation Rang<br \/>\n1 bis 15)<\/p>\n<p>\uf0d8 1.bis 3. Platzierung bei:<br \/>\nRheinland Meisterschaften, Nordrhein-Westfalen Meisterschaften und Westdeutschen Meisterschaften<br \/>\n\uf0d8 Nach Aufstiegen in die Verbands- bzw. Oberliga mit 1. bis 3. Platzierung<br \/>\n\uf0d8 Weitere herausragende Leistungen, Erfolge bei \u00fcberregionalen, nationalen oder internationalen Pokalwettbewerben.<br \/>\n<strong>b) Vereinsvertreter <\/strong><\/p>\n<p>Vereinsvertreter\/innen k\u00f6nnen auf Vorschlag ihres Vereins oder Verbandes f\u00fcr ihre T\u00e4tigkeit geehrt werden. Die T\u00e4tigkeit sollte sich \u00fcber mindestens 7 Jahre in der Vereins oder Verbandsarbeit erstreckt haben. Es ist eine kurze schriftliche Begr\u00fcndung vorzulegen. Zwecks Ber\u00fccksichtigung die Vereinsgr\u00f6\u00dfen ist folgende Staffelung vorgesehen:<br \/>\n\uf0f0 Sportvereine mit bis zu 500 Mitgliedern k\u00f6nnen zwei Vereinsvertreter benennen.<\/p>\n<p>\uf0f0 F\u00fcr jede zus\u00e4tzlich angefangene 500 Mitglieder kann ein\/e weitere\/r Vereinsvertreter\/in vorgeschlagen werden.<br \/>\nc) Nat\u00fcrliche oder juristische Personen, die sich um den Haaner Sport verdient gemacht haben<br \/>\nHiermit k\u00f6nnen sowohl Pers\u00f6nlichkeiten als auch Institutionen oder Unternehmen geehrt werden, die sich ohne Vereinszugeh\u00f6rigkeit besonders um den Haaner Sport verdient gemacht haben.<\/p>\n<p><strong>4. Rahmen der Veranstaltung<\/strong><br \/>\n\uf0d8 Nach Festlegung der zu ehrenden Kandidaten werden Termin und Ort der Sportlerehrung gemeinsam zwischen Stadt Haan und Sportverband Haan abgestimmt.<br \/>\n\uf0d8 Die Bewertungskommission beh\u00e4lt sich unter Beachtung der jeweils geltenden Bestimmungen der Versammlungsst\u00e4ttenverordnung vor, die Anzahl der zu Ehrenden f\u00fcr die jeweilige Veranstaltung festzulegen.<br \/>\n\uf0d8 Das Festprogramm mit Ansprachen, den Ehrungen, einem Rahmenprogramm und ggf. einer Bewirtung werden in gemeinsamer Abstimmung geplant.<br \/>\n\uf0d8 Kostenplanung und Finanzierung sind vorab sicherzustellen. Hierbei ist zu beachten, dass im Nothaushalt aufgrund des Charakters der Freiwilligkeit der Aufgabe eine Bezuschussung durch st\u00e4dtischen Haushaltsmittel nicht m\u00f6glich ist.<br \/>\n\uf0d8 Jede\/r zu ehrende Sportler\/in wird nur einmal mit einer Urkunde ausgezeichnet, unabh\u00e4ngig ob sie\/er in einer oder mehreren Sportarten, im ersten und\/oder zweiten Jahr den Titel erk\u00e4mpft hat.<br \/>\n\uf0d8 Bei Mannschaftsehrungen wird die gesamte Mannschaft eingeladen. Jede\/r Sportler\/in sowie die Trainer\/Betreuer\/innen erhalten eine Urkunde.<br \/>\n\uf0d8 Vereinsvertreter\/innen werden mit einer Urkunde ausgezeichnet und erhalten unter dem Vorbehalt der Finanzierungsm\u00f6glichkeit ein Pr\u00e4sent. Die hervorzuhebenden Leistungen f\u00fcr den Vereins- oder Verbandssport werden verlesen. Im Einzelfall k\u00f6nnen wegen au\u00dfergew\u00f6hnlicher Leistungen der Sportler oder Vereinsvertreter besondere Ehrungen ausgesprochen werden.<br \/>\n\uf0d8 In Ausnahmef\u00e4llen werden Pers\u00f6nlichkeiten, Institutionen oder Unternehmen geehrt, die sich besonders um den Haaner Sport verdient gemacht haben.<br \/>\n\uf0d8 Mit den zu ehrenden Sportlern oder Vereinsvertretern werden jeweils die zust\u00e4ndigen Vereinsvorsitzenden, Abteilungsleiter\/innen, Trainer- und Betreuer\/innen eingeladen.<br \/>\nDie Geehrten k\u00f6nnen von Familienangeh\u00f6rigen begleitet werden.<\/p>\n<p><strong>5. Vorgaben f\u00fcr die dezentrale Ehrung<\/strong><br \/>\n<strong>Aktive Sportler\/innen (Einzelsportler\/innen und Mannschaften)<\/strong><br \/>\nEinzelsportler\/innen und Mannschaften werden geehrt, wenn sie nicht die unter Punkt 3a<br \/>\naufgef\u00fchrten Bedingungen erf\u00fcllen. Hier sind es Titeltr\u00e4ger\/innen auf Kreis- und Bezirksebene. Es geht um<br \/>\n\uf0d8 Meistertitel f\u00fcr den Bezirk und Kreis<br \/>\n\uf0d8 Aufstieg in die Verbands- oder Oberliga<br \/>\n\uf0d8 Besondere sportliche Erfolge, die eine W\u00fcrdigung verdienen.<br \/>\n<strong><\/strong><\/p>\n<p><strong>Rahmen der Veranstaltungen<\/strong><br \/>\nDer Verein meldet seine Kandidaten f\u00fcr die Ehrung durch die Stadt Haan und den Sportverband. Die Bewertungskommission pr\u00fcft die Erf\u00fcllung der Bedingungen. Wichtig ist, dass der Sportverein den Antrag stellt. Die Ehrung wird bei Veranstaltungen des Vereins (Mitglieder- oder Abteilungsversammlung, Meisterschaftsfeier usw.) durchgef\u00fchrt. Vom Verein ist darauf zu achten, dass m\u00f6glichst viele Sportler\/innen zum Termin erscheinen. F\u00fcr die Einladungen sorgt der gastgebende Verein.<br \/>\nZwecks Durchf\u00fchrung zeitnaher Ehrungen wird vorgesehen, dieses f\u00fcr Ballspielarten nach Abschluss der Saison und Aufstiegsqualifikationen im ersten Halbjahr durchzuf\u00fchren.<br \/>\nIn Sportarten, deren Saison im Kalenderjahr endet, sind die Ehrungen im 2. Halbjahr vorzunehmen. Das Programm der Ehrung erfolgt in Abstimmung zwischen Verein, Stadt und Sportverband.<br \/>\nDer B\u00fcrgermeister regelt die Stellvertretung durch die Stadt, der Sportverband wird durch ein Mitglied des Vorstandes vertreten. Die Kosten f\u00fcr die Veranstaltung tr\u00e4gt der Verein.<br \/>\nJede\/r zu ehrende Sportler\/in erh\u00e4lt nur eine Urkunde unabh\u00e4ngig davon, ob er einen oder mehrere Titel errungen hat.<br \/>\nBei den Mannschaftsehrungen wird die gesamte Mannschaft eingeladen, jede\/r Sportler\/in sowie Trainer- und Betreuer\/innen erhalten eine Urkunde. Pr\u00e4sente der Stadt Haan k\u00f6nnen \u00fcberreicht werden.<\/p>\n<p><a href=\"http:\/\/sportverband-haan.de\/wp-content\/uploads\/2017\/10\/Richtlinien-Sportlerehrung.pdf\" target=\"_blank\" rel=\"noopener\">Download: Richtlinien Sportlerehrung zum Download<\/a><\/p>\n","protected":false},"excerpt":{"rendered":"<p>1. Allgemeine Voraussetzungen In Abstimmung mit dem Sportverband Haan besteht Einvernehmen, die Richtlinien f\u00fcr die Durchf\u00fchrung der Sportlerehrung neu zu fassen. Die Stadt Haan und der Sportverband Haan vereinbaren, die Sportlerehrung gemeinsam zu organisieren und durchzuf\u00fchren. Die Antr\u00e4ge zur Sportlerehrung werden durch Haaner Sportvereine oder durch Haaner B\u00fcrger, die ihre Leistungen in ausw\u00e4rtigen Vereinen erbracht <a class=\"more-link\" href=\"https:\/\/sportverband-haan.de\/?page_id=102\">Weiterlesen\u00a0\u2026<\/a><\/p>\n","protected":false},"author":1,"featured_media":0,"parent":0,"menu_order":0,"comment_status":"closed","ping_status":"closed","template":"","meta":{"footnotes":""},"class_list":["post-102","page","type-page","status-publish","hentry"],"_links":{"self":[{"href":"https:\/\/sportverband-haan.de\/index.php?rest_route=\/wp\/v2\/pages\/102","targetHints":{"allow":["GET"]}}],"collection":[{"href":"https:\/\/sportverband-haan.de\/index.php?rest_route=\/wp\/v2\/pages"}],"about":[{"href":"https:\/\/sportverband-haan.de\/index.php?rest_route=\/wp\/v2\/types\/page"}],"author":[{"embeddable":true,"href":"https:\/\/sportverband-haan.de\/index.php?rest_route=\/wp\/v2\/users\/1"}],"replies":[{"embeddable":true,"href":"https:\/\/sportverband-haan.de\/index.php?rest_route=%2Fwp%2Fv2%2Fcomments&post=102"}],"version-history":[{"count":4,"href":"https:\/\/sportverband-haan.de\/index.php?rest_route=\/wp\/v2\/pages\/102\/revisions"}],"predecessor-version":[{"id":867,"href":"https:\/\/sportverband-haan.de\/index.php?rest_route=\/wp\/v2\/pages\/102\/revisions\/867"}],"wp:attachment":[{"href":"https:\/\/sportverband-haan.de\/index.php?rest_route=%2Fwp%2Fv2%2Fmedia&parent=102"}],"curies":[{"name":"wp","href":"https:\/\/api.w.org\/{rel}","templated":true}]}}